{"id":4211,"date":"2024-09-30T19:45:23","date_gmt":"2024-09-30T19:45:23","guid":{"rendered":"https:\/\/nisahealth.com\/shop\/unkategorisiert\/enjoy-yourself\/"},"modified":"2025-10-03T07:19:40","modified_gmt":"2025-10-03T05:19:40","slug":"enjoy-yourself","status":"publish","type":"product","link":"https:\/\/nisahealth.com\/de\/shop\/nicht-kategorisiert\/enjoy-yourself\/","title":{"rendered":"Enjoy Yourself"},"content":{"rendered":"<p><strong>Kitzelndes Vulva-\u00d6l mit Hanf und Jambu<\/strong><\/p>\n<p>Entflamme deine Leidenschaft ganz nat\u00fcrlich<\/p>\n<p>Erlebe eine neue Dimension von Intimit\u00e4t mit Enjoy Yourself, einem reichhaltigen Intimpflege-\u00d6l mit CBD, Jambu und Kava-Kava. Diese luxuri\u00f6se Mischung regt die Durchblutung an und steigert das Empfindungsverm\u00f6gen, w\u00e4hrend sie zugleich eine beruhigende und entspannte Atmosph\u00e4re schafft \u2013 perfekt, um deine intimsten Momente voll auszukosten.  <\/p>\n<p>Es ist wichtig, individuelle Wege zu erkunden, um die Erregung zu steigern und die Orgasmush\u00e4ufigkeit zu erh\u00f6hen. Ein Intimit\u00e4ts\u00f6l wie Enjoy Yourself kann helfen, die Orgasmusl\u00fccke zu \u00fcberbr\u00fccken, indem es f\u00fcr mehr Gleitf\u00e4higkeit und Empfindung sorgt \u2013 was zu gesteigertem sexuellen Vergn\u00fcgen und befriedigenderen Orgasmen f\u00fchrt. <\/p>\n<p>Verwende dieses Femedy, um die sexuelle Erregung und Empfindung in deiner Vulva zu steigern \u2013 dein neues Must-have f\u00fcr das Erreichen von Orgasmen!<\/p>\n<p>&nbsp;<\/p>\n","protected":false},"excerpt":{"rendered":"<p><strong>Kitzelndes Vulva-\u00d6l mit Hanf und Jambu<\/strong><\/p>\n","protected":false},"featured_media":4158,"comment_status":"open","ping_status":"closed","template":"","meta":{"_acf_changed":false},"product_brand":[],"product_cat":[115],"product_tag":[],"class_list":{"0":"post-4211","1":"product","2":"type-product","3":"status-publish","4":"has-post-thumbnail","6":"product_cat-nicht-kategorisiert","8":"first","9":"instock","10":"purchasable","11":"product-type-simple"},"acf":[],"jetpack_sharing_enabled":true,"_links":{"self":[{"href":"https:\/\/nisahealth.com\/de\/wp-json\/wp\/v2\/product\/4211","targetHints":{"allow":["GET"]}}],"collection":[{"href":"https:\/\/nisahealth.com\/de\/wp-json\/wp\/v2\/product"}],"about":[{"href":"https:\/\/nisahealth.com\/de\/wp-json\/wp\/v2\/types\/product"}],"replies":[{"embeddable":true,"href":"https:\/\/nisahealth.com\/de\/wp-json\/wp\/v2\/comments?post=4211"}],"version-history":[{"count":1,"href":"https:\/\/nisahealth.com\/de\/wp-json\/wp\/v2\/product\/4211\/revisions"}],"predecessor-version":[{"id":4343,"href":"https:\/\/nisahealth.com\/de\/wp-json\/wp\/v2\/product\/4211\/revisions\/4343"}],"wp:featuredmedia":[{"embeddable":true,"href":"https:\/\/nisahealth.com\/de\/wp-json\/wp\/v2\/media\/4158"}],"wp:attachment":[{"href":"https:\/\/nisahealth.com\/de\/wp-json\/wp\/v2\/media?parent=4211"}],"wp:term":[{"taxonomy":"product_brand","embeddable":true,"href":"https:\/\/nisahealth.com\/de\/wp-json\/wp\/v2\/product_brand?post=4211"},{"taxonomy":"product_cat","embeddable":true,"href":"https:\/\/nisahealth.com\/de\/wp-json\/wp\/v2\/product_cat?post=4211"},{"taxonomy":"product_tag","embeddable":true,"href":"https:\/\/nisahealth.com\/de\/wp-json\/wp\/v2\/product_tag?post=4211"}],"curies":[{"name":"wp","href":"https:\/\/api.w.org\/{rel}","templated":true}]}}