{"id":4205,"date":"2024-09-30T19:28:00","date_gmt":"2024-09-30T19:28:00","guid":{"rendered":"https:\/\/nisahealth.com\/shop\/unkategorisiert\/moment-of-chill\/"},"modified":"2025-10-03T07:23:17","modified_gmt":"2025-10-03T05:23:17","slug":"moment-of-chill","status":"publish","type":"product","link":"https:\/\/nisahealth.com\/de\/shop\/menopause-de\/moment-of-chill\/","title":{"rendered":"Moment of Chill"},"content":{"rendered":"<p><strong>K\u00fchlendes Dekollet\u00e9 und Nacken-Spray mit Hanf &amp; Rosenwasser<\/strong><\/p>\n<p>Hitzewallungen und pl\u00f6tzliche Schwei\u00dfausbr\u00fcche k\u00f6nnen dir den Tag erschweren. Moment of Chill bietet schnelle, wohltuende Abhilfe dank der belebenden Kraft von CBD, Damaszener-Rose und Frescolat\u00ae X-cool. Ein kleiner Spritzer gen\u00fcgt, um dich abzuk\u00fchlen, deine K\u00f6rpertemperatur auszugleichen und einen Moment zur Ruhe zu kommen \u2013 ganz egal, wo du gerade bist.   <b><br \/>\n<\/b><\/p>\n","protected":false},"excerpt":{"rendered":"<p><strong>K\u00fchlendes Dekollet\u00e9 und Nacken-Spray mit Hanf &amp; Rosenwasser<\/strong><\/p>\n","protected":false},"featured_media":4089,"comment_status":"open","ping_status":"closed","template":"","meta":{"_acf_changed":false},"product_brand":[],"product_cat":[118],"product_tag":[],"class_list":{"0":"post-4205","1":"product","2":"type-product","3":"status-publish","4":"has-post-thumbnail","6":"product_cat-menopause-de","8":"first","9":"instock","10":"purchasable","11":"product-type-simple"},"acf":[],"jetpack_sharing_enabled":true,"_links":{"self":[{"href":"https:\/\/nisahealth.com\/de\/wp-json\/wp\/v2\/product\/4205","targetHints":{"allow":["GET"]}}],"collection":[{"href":"https:\/\/nisahealth.com\/de\/wp-json\/wp\/v2\/product"}],"about":[{"href":"https:\/\/nisahealth.com\/de\/wp-json\/wp\/v2\/types\/product"}],"replies":[{"embeddable":true,"href":"https:\/\/nisahealth.com\/de\/wp-json\/wp\/v2\/comments?post=4205"}],"version-history":[{"count":2,"href":"https:\/\/nisahealth.com\/de\/wp-json\/wp\/v2\/product\/4205\/revisions"}],"predecessor-version":[{"id":4344,"href":"https:\/\/nisahealth.com\/de\/wp-json\/wp\/v2\/product\/4205\/revisions\/4344"}],"wp:featuredmedia":[{"embeddable":true,"href":"https:\/\/nisahealth.com\/de\/wp-json\/wp\/v2\/media\/4089"}],"wp:attachment":[{"href":"https:\/\/nisahealth.com\/de\/wp-json\/wp\/v2\/media?parent=4205"}],"wp:term":[{"taxonomy":"product_brand","embeddable":true,"href":"https:\/\/nisahealth.com\/de\/wp-json\/wp\/v2\/product_brand?post=4205"},{"taxonomy":"product_cat","embeddable":true,"href":"https:\/\/nisahealth.com\/de\/wp-json\/wp\/v2\/product_cat?post=4205"},{"taxonomy":"product_tag","embeddable":true,"href":"https:\/\/nisahealth.com\/de\/wp-json\/wp\/v2\/product_tag?post=4205"}],"curies":[{"name":"wp","href":"https:\/\/api.w.org\/{rel}","templated":true}]}}