{"id":4203,"date":"2024-09-30T11:06:13","date_gmt":"2024-09-30T11:06:13","guid":{"rendered":"https:\/\/nisahealth.com\/shop\/unkategorisiert\/the-noon\/"},"modified":"2025-10-03T07:29:27","modified_gmt":"2025-10-03T05:29:27","slug":"the-noon","status":"publish","type":"product","link":"https:\/\/nisahealth.com\/de\/shop\/menstrual-de\/the-noon\/","title":{"rendered":"The Noon"},"content":{"rendered":"<p><strong>W\u00e4rmendes Bauch \u00d6l mit Hanf &amp; Johanniskraut<\/strong><\/p>\n<p>Linderung und tiefes Wohlbefinden<\/p>\n<p>Kr\u00e4mpfe, V\u00f6llegef\u00fchl und Spannungen im Unterleib k\u00f6nnen dir den Tag erschweren. The Noon wurde entwickelt, um sanfte W\u00e4rme und Entspannung dort zu bewirken, wo du sie am n\u00f6tigsten brauchst. Mit der einander erg\u00e4nzenden Wirkung von CBD, Johanniskraut und Schwarzk\u00fcmmel l\u00f6st dieses w\u00e4rmende \u00d6l Verspannungen und f\u00f6rdert das Wohlbefinden \u2013 damit du leichter durch den Alltag gehen kannst.   <\/p>\n","protected":false},"excerpt":{"rendered":"<p><strong>W\u00e4rmendes Bauch \u00d6l mit Hanf &amp; Johanniskraut<\/strong><\/p>\n","protected":false},"featured_media":4093,"comment_status":"open","ping_status":"closed","template":"","meta":{"_acf_changed":false},"product_brand":[],"product_cat":[117],"product_tag":[],"class_list":{"0":"post-4203","1":"product","2":"type-product","3":"status-publish","4":"has-post-thumbnail","6":"product_cat-menstrual-de","8":"first","9":"instock","10":"taxable","11":"shipping-taxable","12":"purchasable","13":"product-type-simple"},"acf":[],"jetpack_sharing_enabled":true,"_links":{"self":[{"href":"https:\/\/nisahealth.com\/de\/wp-json\/wp\/v2\/product\/4203","targetHints":{"allow":["GET"]}}],"collection":[{"href":"https:\/\/nisahealth.com\/de\/wp-json\/wp\/v2\/product"}],"about":[{"href":"https:\/\/nisahealth.com\/de\/wp-json\/wp\/v2\/types\/product"}],"replies":[{"embeddable":true,"href":"https:\/\/nisahealth.com\/de\/wp-json\/wp\/v2\/comments?post=4203"}],"version-history":[{"count":1,"href":"https:\/\/nisahealth.com\/de\/wp-json\/wp\/v2\/product\/4203\/revisions"}],"predecessor-version":[{"id":4345,"href":"https:\/\/nisahealth.com\/de\/wp-json\/wp\/v2\/product\/4203\/revisions\/4345"}],"wp:featuredmedia":[{"embeddable":true,"href":"https:\/\/nisahealth.com\/de\/wp-json\/wp\/v2\/media\/4093"}],"wp:attachment":[{"href":"https:\/\/nisahealth.com\/de\/wp-json\/wp\/v2\/media?parent=4203"}],"wp:term":[{"taxonomy":"product_brand","embeddable":true,"href":"https:\/\/nisahealth.com\/de\/wp-json\/wp\/v2\/product_brand?post=4203"},{"taxonomy":"product_cat","embeddable":true,"href":"https:\/\/nisahealth.com\/de\/wp-json\/wp\/v2\/product_cat?post=4203"},{"taxonomy":"product_tag","embeddable":true,"href":"https:\/\/nisahealth.com\/de\/wp-json\/wp\/v2\/product_tag?post=4203"}],"curies":[{"name":"wp","href":"https:\/\/api.w.org\/{rel}","templated":true}]}}