{"id":4197,"date":"2024-09-30T11:18:08","date_gmt":"2024-09-30T11:18:08","guid":{"rendered":"https:\/\/nisahealth.com\/shop\/unkategorisiert\/the-sunset\/"},"modified":"2025-08-11T20:34:51","modified_gmt":"2025-08-11T18:34:51","slug":"the-sunset","status":"publish","type":"product","link":"https:\/\/nisahealth.com\/de\/shop\/menstrual-de\/the-sunset\/","title":{"rendered":"The Sunset"},"content":{"rendered":"<p><strong>Mit Hanf &amp; Safran<\/strong><\/p>\n<p>F\u00fcr ruhige und erholsame Abende<\/p>\n<p>Die Tage vor deiner Perioden k\u00f6nnen sowohl emotional als auch k\u00f6rperlich anstrengend sein. Deine Stimmung schwankt, du bist unruhig und schl\u00e4fst nicht gut \u2013 all das kann deinen inneren Frieden ins Wanken bringen. The Sunset wurde speziell mit CBD, Safran und Muskatellersalbei entwickelt, um Stimmungsschwankungen abzumildern, Stress im Alltag zu verringern und dir erholsamere N\u00e4chte zu verschaffen. Genie\u00dfe mit dieser sanften, aber wirksamen Mischung deine verdiente Entspannung.  <\/p>\n","protected":false},"excerpt":{"rendered":"<p><strong>Mit Hanf &amp; Safran<\/strong><\/p>\n","protected":false},"featured_media":1175,"comment_status":"open","ping_status":"closed","template":"","meta":{"_acf_changed":false},"product_brand":[],"product_cat":[117],"product_tag":[],"class_list":{"0":"post-4197","1":"product","2":"type-product","3":"status-publish","4":"has-post-thumbnail","6":"product_cat-menstrual-de","8":"first","9":"instock","10":"taxable","11":"shipping-taxable","12":"purchasable","13":"product-type-simple"},"acf":[],"jetpack_sharing_enabled":true,"_links":{"self":[{"href":"https:\/\/nisahealth.com\/de\/wp-json\/wp\/v2\/product\/4197","targetHints":{"allow":["GET"]}}],"collection":[{"href":"https:\/\/nisahealth.com\/de\/wp-json\/wp\/v2\/product"}],"about":[{"href":"https:\/\/nisahealth.com\/de\/wp-json\/wp\/v2\/types\/product"}],"replies":[{"embeddable":true,"href":"https:\/\/nisahealth.com\/de\/wp-json\/wp\/v2\/comments?post=4197"}],"version-history":[{"count":1,"href":"https:\/\/nisahealth.com\/de\/wp-json\/wp\/v2\/product\/4197\/revisions"}],"predecessor-version":[{"id":4198,"href":"https:\/\/nisahealth.com\/de\/wp-json\/wp\/v2\/product\/4197\/revisions\/4198"}],"wp:featuredmedia":[{"embeddable":true,"href":"https:\/\/nisahealth.com\/de\/wp-json\/wp\/v2\/media\/1175"}],"wp:attachment":[{"href":"https:\/\/nisahealth.com\/de\/wp-json\/wp\/v2\/media?parent=4197"}],"wp:term":[{"taxonomy":"product_brand","embeddable":true,"href":"https:\/\/nisahealth.com\/de\/wp-json\/wp\/v2\/product_brand?post=4197"},{"taxonomy":"product_cat","embeddable":true,"href":"https:\/\/nisahealth.com\/de\/wp-json\/wp\/v2\/product_cat?post=4197"},{"taxonomy":"product_tag","embeddable":true,"href":"https:\/\/nisahealth.com\/de\/wp-json\/wp\/v2\/product_tag?post=4197"}],"curies":[{"name":"wp","href":"https:\/\/api.w.org\/{rel}","templated":true}]}}