{"id":4333,"date":"2025-01-02T05:05:53","date_gmt":"2025-01-02T04:05:53","guid":{"rendered":"https:\/\/nisahealth.com\/impressum\/"},"modified":"2025-09-17T18:34:40","modified_gmt":"2025-09-17T16:34:40","slug":"impressum","status":"publish","type":"page","link":"https:\/\/nisahealth.com\/de\/impressum\/","title":{"rendered":"Impressum"},"content":{"rendered":"\t\t<div data-elementor-type=\"wp-page\" data-elementor-id=\"4333\" class=\"elementor elementor-4333 elementor-3732\" data-elementor-post-type=\"page\">\n\t\t\t\t<div class=\"elementor-element elementor-element-777d5300 e-flex e-con-boxed e-con e-parent\" data-id=\"777d5300\" data-element_type=\"container\" data-e-type=\"container\">\n\t\t\t\t\t<div class=\"e-con-inner\">\n\t\t\t\t<div class=\"elementor-element elementor-element-36bfd4a6 elementor-widget elementor-widget-text-editor\" data-id=\"36bfd4a6\" data-element_type=\"widget\" data-e-type=\"widget\" data-widget_type=\"text-editor.default\">\n\t\t\t\t<div class=\"elementor-widget-container\">\n\t\t\t\t\t\t\t\t\t<p><b>Diensteanbieter im Sinne des \u00a7 5 TMG:<\/b><\/p><p><span style=\"font-weight: 400;\">Nisa Health GmbH<\/span><\/p><p><span style=\"font-weight: 400;\">Genovevastrasse 38<\/span><\/p><p><span style=\"font-weight: 400;\">56727 Mayen, DE<\/span><\/p><h5> <\/h5><p><b>Kontaktinformationen:<\/b><\/p><p><span style=\"font-weight: 400;\">E-mail: <\/span><a href=\"mailto:info@nisahealth.com\"><span style=\"font-weight: 400;\">info@nisahealth.com<\/span><\/a><\/p><h5> <\/h5><p><b>Autorisierte Repr\u00e4sentanten:<\/b><\/p><p><span style=\"font-weight: 400;\">F Al Sbeiti<\/span><\/p><p> <\/p><p><span style=\"font-weight: 400;\">Sitz: <\/span><span style=\"font-weight: 400;\">K\u00f6ln, Germany<\/span><\/p><p><span style=\"font-weight: 400;\">Registergericht: <\/span><span style=\"font-weight: 400;\">North Rhine-Westphalia District Court K\u00f6ln<\/span><\/p><p><span style=\"font-weight: 400;\">Handelsregisternummer: <\/span><span style=\"font-weight: 400;\">HRB 121130 <\/span> <\/p><p><span style=\"font-weight: 400;\">Umsatzsteuer-ID: <\/span><span style=\"font-weight: 400;\">DE 360797680<\/span><\/p><p><span style=\"font-weight: 400;\">Steuer-ID: <\/span><span style=\"font-weight: 400;\">29\/652\/11203<\/span><\/p><p> <\/p>\t\t\t\t\t\t\t\t<\/div>\n\t\t\t\t<\/div>\n\t\t\t\t\t<\/div>\n\t\t\t\t<\/div>\n\t\t\t\t<\/div>\n\t\t","protected":false},"excerpt":{"rendered":"<p>Diensteanbieter im Sinne des \u00a7 5 TMG: Nisa Health GmbH Genovevastrasse 38 56727 Mayen, DE Kontaktinformationen: E-mail: info@nisahealth.com Autorisierte Repr\u00e4sentanten: F Al Sbeiti Sitz: K\u00f6ln, Germany Registergericht: North Rhine-Westphalia District Court K\u00f6ln Handelsregisternummer: HRB 121130 Umsatzsteuer-ID: DE 360797680 Steuer-ID: 29\/652\/11203<\/p>\n","protected":false},"author":1,"featured_media":0,"parent":0,"menu_order":0,"comment_status":"closed","ping_status":"closed","template":"","meta":{"_acf_changed":false,"footnotes":""},"class_list":["post-4333","page","type-page","status-publish","hentry"],"acf":[],"jetpack_sharing_enabled":true,"_links":{"self":[{"href":"https:\/\/nisahealth.com\/de\/wp-json\/wp\/v2\/pages\/4333","targetHints":{"allow":["GET"]}}],"collection":[{"href":"https:\/\/nisahealth.com\/de\/wp-json\/wp\/v2\/pages"}],"about":[{"href":"https:\/\/nisahealth.com\/de\/wp-json\/wp\/v2\/types\/page"}],"author":[{"embeddable":true,"href":"https:\/\/nisahealth.com\/de\/wp-json\/wp\/v2\/users\/1"}],"replies":[{"embeddable":true,"href":"https:\/\/nisahealth.com\/de\/wp-json\/wp\/v2\/comments?post=4333"}],"version-history":[{"count":1,"href":"https:\/\/nisahealth.com\/de\/wp-json\/wp\/v2\/pages\/4333\/revisions"}],"predecessor-version":[{"id":4334,"href":"https:\/\/nisahealth.com\/de\/wp-json\/wp\/v2\/pages\/4333\/revisions\/4334"}],"wp:attachment":[{"href":"https:\/\/nisahealth.com\/de\/wp-json\/wp\/v2\/media?parent=4333"}],"curies":[{"name":"wp","href":"https:\/\/api.w.org\/{rel}","templated":true}]}}