{"id":4229,"date":"2024-12-05T07:24:07","date_gmt":"2024-12-05T06:24:07","guid":{"rendered":"https:\/\/nisahealth.com\/haftungsausschluss-disclaimer\/"},"modified":"2025-09-08T14:11:18","modified_gmt":"2025-09-08T12:11:18","slug":"haftungsausschluss-disclaimer","status":"publish","type":"page","link":"https:\/\/nisahealth.com\/de\/haftungsausschluss-disclaimer\/","title":{"rendered":"HAFTUNGSAUSSCHLUSS (DISCLAIMER)"},"content":{"rendered":"\t\t<div data-elementor-type=\"wp-page\" data-elementor-id=\"4229\" class=\"elementor elementor-4229 elementor-1348\" data-elementor-post-type=\"page\">\n\t\t\t\t<div class=\"elementor-element elementor-element-777d5300 e-flex e-con-boxed e-con e-parent\" data-id=\"777d5300\" data-element_type=\"container\" data-e-type=\"container\">\n\t\t\t\t\t<div class=\"e-con-inner\">\n\t\t\t\t<div class=\"elementor-element elementor-element-36bfd4a6 elementor-widget elementor-widget-text-editor\" data-id=\"36bfd4a6\" data-element_type=\"widget\" data-e-type=\"widget\" data-widget_type=\"text-editor.default\">\n\t\t\t\t<div class=\"elementor-widget-container\">\n\t\t\t\t\t\t\t\t\t<p><b><br>HAFTUNGSAUSSCHLUSS (DISCLAIMER)<\/b><\/p><p><span style=\"font-weight: 400;\">Die auf der Website der Nisa Health GmbH (\u201eNisa Health\u201c), ehemals Femcan, bereitgestellten Informationen dienen ausschlie\u00dflich allgemeinen Informationszwecken. Alle auf dieser Website verkauften Produkte sind nicht dazu bestimmt, Krankheiten zu diagnostizieren, zu behandeln, zu heilen oder zu verhindern. Konsultieren Sie stets eine qualifizierte medizinische Fachkraft, bevor Sie mit der Einnahme eines neuen Nahrungserg\u00e4nzungsmittels beginnen, insbesondere wenn Sie bereits bestehende gesundheitliche Probleme haben, schwanger sind, eine Schwangerschaft vermuten oder Medikamente einnehmen.<br>BITTE LESEN SIE DIESES DOKUMENT SORGF\u00c4LTIG, BEVOR SIE AUF DIE WEBSITE ZUGREIFEN ODER DIESE NUTZEN. DURCH DEN ZUGRIFF AUF DIE WEBSITE ODER DIE NUTZUNG DERSELBEN ERKL\u00c4REN SIE IHR EINVERST\u00c4NDNIS, AN DIE NACHSTEHENDEN BEDINGUNGEN GEBUNDEN ZU SEIN. FALLS SIE NICHT AN DIESE BEDINGUNGEN GEBUNDEN SEIN M\u00d6CHTEN, D\u00dcRFEN SIE DIE WEBSITE NICHT NUTZEN.<br>Nisa Health kann diese Vereinbarung jederzeit \u00e4ndern, wobei solche \u00c4nderungen unmittelbar mit der Ver\u00f6ffentlichung der ge\u00e4nderten Vereinbarung auf der Website wirksam werden. Sie erkl\u00e4ren sich damit einverstanden, die Vereinbarung regelm\u00e4\u00dfig zu \u00fcberpr\u00fcfen, um sich \u00fcber solche \u00c4nderungen zu informieren. Ihre fortgesetzte Nutzung der Website gilt als endg\u00fcltige Annahme der ge\u00e4nderten Vereinbarung.        <\/span><b><\/b><\/p><ul><li aria-level=\"1\"><b>Richtigkeit der Informationen<\/b><\/li><\/ul><p><span style=\"font-weight: 400;\">Wir bem\u00fchen uns sicherzustellen, dass die Informationen auf dieser Website korrekt und aktuell sind. Nisa Health und ihre verbundenen Unternehmen \u00fcbernehmen jedoch keine Garantie f\u00fcr die Richtigkeit, Vollst\u00e4ndigkeit oder Aktualit\u00e4t der Informationen. Inhalte auf dieser Website k\u00f6nnen ohne Vorank\u00fcndigung aktualisiert werden, und wir gew\u00e4hrleisten nicht, dass diese fehlerfrei sind.   <\/span><b><\/b><\/p><ul><li aria-level=\"1\"><b>Produktverwendung<\/b><\/li><\/ul><p><span style=\"font-weight: 400;\">Die auf dieser Website angebotenen Nahrungserg\u00e4nzungsmittel, einschlie\u00dflich solcher, die CBD (Cannabidiol) enthalten k\u00f6nnen, d\u00fcrfen nur gem\u00e4\u00df den Anweisungen auf dem Etikett verwendet werden. \u00dcberschreiten Sie nicht die empfohlene Dosis. Wenn Sie Nebenwirkungen oder unerw\u00fcnschte Reaktionen feststellen, stellen Sie die Einnahme ein und konsultieren Sie eine medizinische Fachkraft. Schwangere, stillende Frauen oder Personen, die Medikamente einnehmen, sollten vor der Verwendung von CBD-Produkten unbedingt einen Arzt konsultieren.    <\/span><b><\/b><\/p><ul><li aria-level=\"1\"><b>CBD- und THC-Compliance.<\/b><\/li><\/ul><p><span style=\"font-weight: 400;\">Einige unserer Produkte k\u00f6nnen CBD (Cannabidiol) aus Hanf enthalten. In \u00dcbereinstimmung mit dem US-Bundesgesetz gem\u00e4\u00df dem Agriculture Improvement Act of 2018 (\u201eFarm Bill\u201c) enthalten alle CBD-Produkte nicht mehr als 0,3 % THC (Tetrahydrocannabinol) nach Trockengewicht. In der Europ\u00e4ischen Union entsprechen unsere CBD-Produkte den geltenden Gesetzen und enthalten nicht mehr als 0,2 % THC oder den von einzelnen EU-Mitgliedstaaten festgelegten Grenzwerten.   <\/span><\/p><p><span style=\"font-weight: 400;\">Der rechtliche Status von CBD kann je nach Standort variieren. Durch den Kauf von CBD-Produkten \u00fcber diese Website best\u00e4tigen Sie, dass Sie rechtlich dazu berechtigt sind und f\u00fcr die Einhaltung Ihrer lokalen Gesetze verantwortlich sind. Nisa Health \u00fcbernimmt keine Haftung f\u00fcr rechtliche Konsequenzen, die sich aus dem Erwerb oder der Verwendung von CBD-Produkten in Regionen ergeben, in denen solche Produkte eingeschr\u00e4nkt oder verboten sind.   <\/span><b><\/b><\/p><ul><li aria-level=\"1\"><b>FDA-Compliance <\/b><\/li><\/ul><p><span style=\"font-weight: 400;\">Die FDA untersagt es, unbest\u00e4tigte gesundheitsbezogene Aussagen \u00fcber CBD-Produkte zu machen. Unsere CBD-Produkte sind nicht dazu bestimmt, Krankheiten zu diagnostizieren, zu behandeln, zu heilen oder zu verhindern. Wir geben keine medizinischen Zusicherungen hinsichtlich der Wirksamkeit unserer CBD-Produkte ab. Konsultieren Sie bitte einen Arzt, bevor Sie diese verwenden.   <\/span><br><b><\/b><\/p><ul><li aria-level=\"1\"><b>FTC-Compliance. <\/b><\/li><\/ul><p><span style=\"font-weight: 400;\">S\u00e4mtliche Werbung und Marketingmaterialien in Bezug auf CBD-Produkte entsprechen den FTC-Richtlinien. Wir machen keine falschen oder irref\u00fchrenden Angaben zu den Wirkungen oder Vorteilen unserer CBD-Produkte.  <\/span><b><\/b><\/p><ul><li aria-level=\"1\"><b>Haftung.<\/b><\/li><\/ul><p><span style=\"font-weight: 400;\">Durch die Nutzung dieser Website und den Erwerb von Produkten, einschlie\u00dflich solcher, die CBD enthalten, erkl\u00e4ren Sie, dass die Verwendung dieser Produkte auf Ihr eigenes Risiko erfolgt. Nisa Health \u00fcbernimmt keine Verantwortung f\u00fcr rechtliche Probleme oder gesundheitliche Bedenken, die sich aus lokalen Vorschriften oder einer unsachgem\u00e4\u00dfen Verwendung von CBD-Produkten ergeben k\u00f6nnen, insbesondere in Regionen, in denen solche Produkte eingeschr\u00e4nkt oder verboten sind. Nisa Health haftet nicht f\u00fcr Sch\u00e4den, die aus oder im Zusammenhang mit der Nutzung dieser Website oder einem auf dieser Website erworbenen Produkt entstehen. Bitte stellen Sie sicher, dass Sie die Einhaltung Ihrer lokalen Gesetze pr\u00fcfen, bevor Sie einen Kauf t\u00e4tigen.    <\/span><\/p><p><b>ALLGEMEINE GESCH\u00c4FTSBEDINGUNGEN (AGB)<\/b><b><\/b><\/p><ul><li aria-level=\"1\"><b>Einleitung <\/b><\/li><\/ul><p><span style=\"font-weight: 400;\">Diese Allgemeinen Gesch\u00e4ftsbedingungen regeln Ihre Nutzung dieser Website sowie jeden Kauf von Produkten \u00fcber diese Website durch Sie. Durch die Nutzung dieser Website und den Kauf von Produkten erkl\u00e4ren Sie sich mit diesen Allgemeinen Gesch\u00e4ftsbedingungen einverstanden.  <\/span><b><\/b><\/p><ul><li aria-level=\"1\"><b>Unternehmensinformationen <\/b><\/li><\/ul><p><strong>Nisa Health GmBH<\/strong><\/p><p><span style=\"font-weight: 400;\"><strong>Adresse:<\/strong> Genovevastr. 38, 56727 Mayen, Deutschland<\/span><\/p><p><strong>Email: <\/strong><a href=\"mailto:info@nisahealth.com\"><span style=\"font-weight: 400;\">info@nisahealth.com<\/span><\/a><\/p><p><span style=\"font-weight: 400;\">HR-Nummer: HRB 130054<\/span><\/p><ul><li aria-level=\"1\"><b>Berechtigung<\/b><\/li><\/ul><p><span style=\"font-weight: 400;\">Sie m\u00fcssen mindestens 18 Jahre alt sein, um diese Website nutzen und Produkte dar\u00fcber kaufen zu d\u00fcrfen. Mit der Nutzung dieser Website erkl\u00e4ren und gew\u00e4hrleisten Sie, dass Sie mindestens 18 Jahre alt sind. <br><\/span><b><\/b><\/p><ul><li aria-level=\"1\"><b>Bestellung und Zahlung.<\/b><\/li><\/ul><p><span style=\"font-weight: 400;\">Alle Bestellungen unterliegen der Annahme und Verf\u00fcgbarkeit. Sobald eine Bestellung aufgegeben wurde, erhalten Sie eine E-Mail mit den Details Ihrer Bestellung. Diese E-Mail stellt keine Annahme dar, sondern best\u00e4tigt lediglich den Eingang Ihrer Bestellung. Wir behalten uns das Recht vor, eine Bestellung aus beliebigem Grund zu stornieren oder abzulehnen. Die Zahlung muss zum Zeitpunkt der Bestellung erfolgen. Wir akzeptieren verschiedene Zahlungsarten, die beim Checkout auf der Website aufgef\u00fchrt sind. Alle Transaktionen werden in Euro abgewickelt.       <br><\/span><b><\/b><\/p><ul><li aria-level=\"1\"><b>Preise und Verf\u00fcgbarkeit.<\/b><\/li><\/ul><p><span style=\"font-weight: 400;\">Alle Preise sind in Euro angegeben und enthalten die Mehrwertsteuer, sofern nicht anders angegeben. Wir behalten uns das Recht vor, Preise ohne Vorank\u00fcndigung zu \u00e4ndern. Sollte ein Produkt nicht verf\u00fcgbar sein, informieren wir Sie so schnell wie m\u00f6glich und bieten Ihnen eine Alternative oder eine vollst\u00e4ndige R\u00fcckerstattung an.   <br><\/span><b><\/b><\/p><ul><li aria-level=\"1\"><b>Lieferung. <\/b><\/li><\/ul><p><span style=\"font-weight: 400;\">Wir liefern an Adressen innerhalb der Europ\u00e4ischen Union. Lieferzeiten und -kosten variieren je nach Zielort und Bestellmenge. Angegebene Lieferzeiten sind Sch\u00e4tzungen und nicht garantiert. F\u00fcr Lieferverz\u00f6gerungen \u00fcbernehmen wir keine Haftung.    <br><\/span><b><\/b><\/p><ul><li aria-level=\"1\"><b>Widerrufsrecht.<\/b><\/li><\/ul><p><span style=\"font-weight: 400;\">Sie haben das Recht, innerhalb von 14 Tagen ohne Angabe von Gr\u00fcnden von Ihrem Kauf zur\u00fcckzutreten. Um dieses Recht auszu\u00fcben, m\u00fcssen Sie uns durch eine eindeutige Erkl\u00e4rung (z. B. per Brief, Fax oder E-Mail) \u00fcber Ihren Entschluss informieren. Sie k\u00f6nnen das beigef\u00fcgte Muster-Widerrufsformular verwenden, dies ist jedoch nicht verpflichtend.   <br><\/span><b><\/b><\/p><ul><li aria-level=\"1\"><b>Folgen des Widerrufs.<\/b><\/li><\/ul><p><span style=\"font-weight: 400;\">Wenn Sie von diesem Vertrag zur\u00fccktreten, erstatten wir Ihnen alle Zahlungen einschlie\u00dflich der Lieferkosten zur\u00fcck, mit Ausnahme der zus\u00e4tzlichen Kosten, die entstehen, wenn Sie eine andere Art der Lieferung als die von Nisa Health angebotene g\u00fcnstigste Standardlieferung gew\u00e4hlt haben. Wir k\u00f6nnen die R\u00fcckerstattung verweigern, bis wir die Waren zur\u00fcckerhalten haben oder Sie den Nachweis erbracht haben, dass Sie die Waren zur\u00fcckgesandt haben, je nachdem, welches der fr\u00fchere Zeitpunkt ist.  <br><\/span><b><\/b><\/p><ul><li aria-level=\"1\"><b>R\u00fccksendekosten. <\/b><\/li><\/ul><p><span style=\"font-weight: 400;\">Sie tragen die unmittelbaren Kosten der R\u00fccksendung der Waren. <br><\/span><b><\/b><\/p><ul><li aria-level=\"1\"><b>R\u00fcckgabe und R\u00fcckerstattung. <\/b><\/li><\/ul><p><span style=\"font-weight: 400;\">Wenn Sie mit Ihrem Kauf nicht zufrieden sind, k\u00f6nnen Sie die Produkte innerhalb von 14 Tagen nach Erhalt f\u00fcr eine vollst\u00e4ndige R\u00fcckerstattung zur\u00fccksenden, sofern die Produkte unge\u00f6ffnet und in der Originalverpackung sind. Dies gilt auch f\u00fcr CBD-haltige Produkte. Aus Gr\u00fcnden des Gesundheits- und Sicherheitsrechts k\u00f6nnen jedoch keine ge\u00f6ffneten CBD-Produkte zur\u00fcckgenommen werden. Um eine R\u00fccksendung einzuleiten, wenden Sie sich bitte an unseren Kundenservice. Die Kosten der R\u00fccksendung tragen Sie.   <br><\/span><b><\/b><\/p><ul><li aria-level=\"1\"><b>Geistiges Eigentum.<\/b><\/li><\/ul><p><span style=\"font-weight: 400;\">Der gesamte Inhalt dieser Website ist durch internationale Urheber- und Markenrechte gesch\u00fctzt, einschlie\u00dflich Texte, Bilder, Grafiken und Logos. Eigent\u00fcmer der Urheberrechte und Marken ist Nisa Health, deren Partner oder andere Drittlizenzgeber. SIE D\u00dcRFEN OHNE VORHERIGE SCHRIFTLICHE ZUSTIMMUNG VON NISA HEALTH KEIN MATERIAL DIESER WEBSITE \u2013 EINSCHLIESSLICH TEXTE, GRAFIKEN, CODE UND\/ODER SOFTWARE \u2013 VER\u00c4NDERN, KOPIEREN, REPRODUZIEREN, VER\u00d6FFENTLICHEN, HOCHLADEN, POSTEN, \u00dcBERTRAGEN ODER VERTEILEN.  <br><\/span><b><\/b><\/p><ul><li aria-level=\"1\"><b>Datenschutzerkl\u00e4rung.<\/b><\/li><\/ul><p><span style=\"font-weight: 400;\">Wir verpflichten uns, Ihre Privatsph\u00e4re zu sch\u00fctzen. Bitte lesen Sie unsere Datenschutzerkl\u00e4rung, die erkl\u00e4rt, wie Nisa Health Ihre personenbezogenen Daten in \u00dcbereinstimmung mit der DSGVO sammelt, verwendet und sch\u00fctzt.  <\/span><b><\/b><\/p><ul><li aria-level=\"1\"><b>Anwendbares Recht<\/b><b>.<\/b><\/li><\/ul><p><span style=\"font-weight: 400;\">Diese Allgemeinen Gesch\u00e4ftsbedingungen unterliegen dem Recht der Bundesrepublik Deutschland und sind nach diesem auszulegen. Sie ber\u00fchren nicht Ihre gesetzlichen Verbraucherrechte oder Anspr\u00fcche nach EU-Recht und dem deutschen B\u00fcrgerlichen Gesetzbuch (BGB). Alle Streitigkeiten im Zusammenhang mit diesen AGB unterliegen der ausschlie\u00dflichen Zust\u00e4ndigkeit der deutschen Gerichte.   <\/span><b><\/b><\/p><ul><li aria-level=\"1\"><b>\u00c4nderungen der AGB <\/b><\/li><\/ul><p><span style=\"font-weight: 400;\">Wir behalten uns das Recht vor, diese Allgemeinen Gesch\u00e4ftsbedingungen jederzeit zu \u00e4ndern. Alle \u00c4nderungen werden auf dieser Website ver\u00f6ffentlicht. Ihre fortgesetzte Nutzung der Website gilt als Zustimmung zu den neuen Bedingungen.  <\/span><b><\/b><\/p><ul><li aria-level=\"1\"><b>Kontaktinformationen:<\/b><\/li><\/ul><p><span style=\"font-weight: 400;\">Wenn Sie Fragen oder Bedenken zu diesen Allgemeinen Gesch\u00e4ftsbedingungen haben, kontaktieren Sie uns bitte unter: <\/span><\/p><p><strong>Nisa Health GmBH<\/strong><\/p><p><span style=\"font-weight: 400;\"><strong>Adresse:<\/strong> Genovevastr. 38, 56727 Mayen, Deutschland<\/span><\/p><p><span style=\"font-weight: 400;\"><strong>Email: <\/strong><a href=\"mailto:info@nisahealth.com\">info@nisahealth.com<\/a><\/span><\/p><p><span style=\"font-weight: 400;\">HR-Nummer: HRB 130054<\/span><\/p><ul><li aria-level=\"1\"><b>Muster-Widerrufsformular<\/b><\/li><\/ul><p><span style=\"font-weight: 400;\">(Nur ausf\u00fcllen und zur\u00fccksenden, wenn Sie den Vertrag widerrufen wollen)<\/span><\/p><ul><li style=\"font-weight: 400;\" aria-level=\"1\"><span style=\"font-weight: 400;\">To: [Nisa Health GmbH]; [<\/span><span style=\"font-weight: 400;\">Genovevastr 38, 56727 Mayen, Deutschland]; [info@nisahealth.com]<\/span><\/li><li style=\"font-weight: 400;\" aria-level=\"1\"><span style=\"font-weight: 400;\">Hiermit widerrufe(n) ich\/wir [Name] den von mir\/uns abgeschlossenen Vertrag \u00fcber den Kauf der folgenden Waren \/ die Erbringung der folgenden Dienstleistung: <\/span><\/li><li style=\"font-weight: 400;\" aria-level=\"1\"><span style=\"font-weight: 400;\">Ordered on [date], or<\/span><\/li><li style=\"font-weight: 400;\" aria-level=\"1\"><span style=\"font-weight: 400;\">Bestellt am [Datum] \/ erhalten am [Datum] [date]<\/span><\/li><li style=\"font-weight: 400;\" aria-level=\"1\"><span style=\"font-weight: 400;\">Name des\/der Verbraucher(s):<\/span><\/li><li style=\"font-weight: 400;\" aria-level=\"1\"><span style=\"font-weight: 400;\">Anschrift des\/der Verbraucher(s):<\/span><\/li><li style=\"font-weight: 400;\" aria-level=\"1\"><span style=\"font-weight: 400;\">Unterschrift des\/der Verbraucher(s) (nur bei Mitteilung auf Papier):<\/span><\/li><li style=\"font-weight: 400;\" aria-level=\"1\"><span style=\"font-weight: 400;\">Datum:<\/span><\/li><\/ul><p><span style=\"font-weight: 400;\">Soll ich dir auch die CBD- und THC-Compliance-Klausel (die du vorher auf Englisch hattest) direkt in die AGB auf Deutsch einf\u00fcgen, damit du eine einheitliche Version hast? <\/span><\/p>\t\t\t\t\t\t\t\t<\/div>\n\t\t\t\t<\/div>\n\t\t\t\t\t<\/div>\n\t\t\t\t<\/div>\n\t\t\t\t<\/div>\n\t\t","protected":false},"excerpt":{"rendered":"<p>HAFTUNGSAUSSCHLUSS (DISCLAIMER) Die auf der Website der Nisa Health GmbH (\u201eNisa Health\u201c), ehemals Femcan, bereitgestellten Informationen dienen ausschlie\u00dflich allgemeinen Informationszwecken. Alle auf dieser Website verkauften Produkte sind nicht dazu bestimmt, Krankheiten zu diagnostizieren, zu behandeln, zu heilen oder zu verhindern. Konsultieren Sie stets eine qualifizierte medizinische Fachkraft, bevor Sie mit der Einnahme eines neuen Nahrungserg\u00e4nzungsmittels [&hellip;]<\/p>\n","protected":false},"author":1,"featured_media":0,"parent":0,"menu_order":0,"comment_status":"closed","ping_status":"closed","template":"","meta":{"_acf_changed":false,"footnotes":""},"class_list":["post-4229","page","type-page","status-publish","hentry"],"acf":[],"jetpack_sharing_enabled":true,"_links":{"self":[{"href":"https:\/\/nisahealth.com\/de\/wp-json\/wp\/v2\/pages\/4229","targetHints":{"allow":["GET"]}}],"collection":[{"href":"https:\/\/nisahealth.com\/de\/wp-json\/wp\/v2\/pages"}],"about":[{"href":"https:\/\/nisahealth.com\/de\/wp-json\/wp\/v2\/types\/page"}],"author":[{"embeddable":true,"href":"https:\/\/nisahealth.com\/de\/wp-json\/wp\/v2\/users\/1"}],"replies":[{"embeddable":true,"href":"https:\/\/nisahealth.com\/de\/wp-json\/wp\/v2\/comments?post=4229"}],"version-history":[{"count":2,"href":"https:\/\/nisahealth.com\/de\/wp-json\/wp\/v2\/pages\/4229\/revisions"}],"predecessor-version":[{"id":4264,"href":"https:\/\/nisahealth.com\/de\/wp-json\/wp\/v2\/pages\/4229\/revisions\/4264"}],"wp:attachment":[{"href":"https:\/\/nisahealth.com\/de\/wp-json\/wp\/v2\/media?parent=4229"}],"curies":[{"name":"wp","href":"https:\/\/api.w.org\/{rel}","templated":true}]}}