{"id":4227,"date":"2024-11-07T12:32:21","date_gmt":"2024-11-07T11:32:21","guid":{"rendered":"https:\/\/nisahealth.com\/datenschutzerklaerung\/"},"modified":"2025-09-08T13:56:24","modified_gmt":"2025-09-08T11:56:24","slug":"datenschutzerklaerung","status":"publish","type":"page","link":"https:\/\/nisahealth.com\/de\/datenschutzerklaerung\/","title":{"rendered":"Datenschutzerkl\u00e4rung"},"content":{"rendered":"\t\t<div data-elementor-type=\"wp-page\" data-elementor-id=\"4227\" class=\"elementor elementor-4227 elementor-1331\" data-elementor-post-type=\"page\">\n\t\t\t\t<div class=\"elementor-element elementor-element-777d5300 e-flex e-con-boxed e-con e-parent\" data-id=\"777d5300\" data-element_type=\"container\" data-e-type=\"container\">\n\t\t\t\t\t<div class=\"e-con-inner\">\n\t\t\t\t<div class=\"elementor-element elementor-element-36bfd4a6 elementor-widget elementor-widget-text-editor\" data-id=\"36bfd4a6\" data-element_type=\"widget\" data-e-type=\"widget\" data-widget_type=\"text-editor.default\">\n\t\t\t\t<div class=\"elementor-widget-container\">\n\t\t\t\t\t\t\t\t\t<h5><strong>EINLEITUNG<\/strong><\/h5><p><span style=\"font-weight: 400;\">Willkommen auf der Online-Website von Nisa Health (ehemals Femcan). Nisa Health versteht die Bedeutung des Datenschutzes f\u00fcr unsere Mitglieder und andere Nutzer unserer Website und Anwendungen. Wir sind zutiefst verpflichtet, Ihre Privatsph\u00e4re, Ihre Daten und Ihre personenbezogenen Informationen zu sch\u00fctzen und zu respektieren. Diese Datenschutzerkl\u00e4rung beschreibt, wie wir Ihre personenbezogenen Daten erfassen, verwenden und sch\u00fctzen, wenn Sie unsere Website besuchen, sowie die Ma\u00dfnahmen, die wir zum Schutz Ihrer Privatsph\u00e4re und Daten ergreifen. Unsere Datenschutzerkl\u00e4rung wurde so gestaltet, dass sie der Datenschutz-Grundverordnung (DSGVO) der Europ\u00e4ischen Union sowie verschiedenen US-amerikanischen Vorschriften wie dem California Consumer Privacy Act (CCPA) und dem Children\u2019s Online Privacy Protection Act (COPPA) sowie anderen geltenden Datenschutz- und Privatsph\u00e4regesetzen entspricht.     <\/span><\/p><ol><li><b> Datenverantwortlicher<\/b><\/li><\/ol><p><span style=\"font-weight: 400;\">Nisa Health fungiert als Verantwortlicher f\u00fcr die personenbezogenen Daten, die von Ihnen erhoben werden. Nisa Health ist f\u00fcr Ihre personenbezogenen Daten verantwortlich und kontrolliert, wie Ihre personenbezogenen Daten erhoben werden und zu welchen Zwecken diese genutzt werden.  <\/span><\/p><ol start=\"2\"><li><b> Welche Informationen wir erheben<\/b><\/li><\/ol><p><span style=\"font-weight: 400;\">Nisa Health ist der festen \u00dcberzeugung, die Erhebung von Daten auf ein Minimum zu beschr\u00e4nken. Wir erheben und verarbeiten nur diejenigen Daten, die notwendig sind, um unsere Dienstleistungen f\u00fcr unsere Mitglieder und Nutzer unserer Website bereitzustellen.  <\/span><\/p><p><span style=\"font-weight: 400;\">Personenbezogene Daten, die wir \u00fcber Mitglieder und Nutzer erheben und speichern, umfassen Folgendes:<\/span><\/p><p><b>2.1 Informationen, die Sie uns bereitstellen<\/b><\/p><ul><li style=\"font-weight: 400;\" aria-level=\"1\"><b>Personenbezogene Identifikationsdaten:<\/b><span style=\"font-weight: 400;\">Name, Adresse, E-Mail-Adresse, Telefonnummer, Geburtsdatum.<\/span><\/li><li style=\"font-weight: 400;\" aria-level=\"1\"><b>Zahlungsinformationen:<\/b><span style=\"font-weight: 400;\">Kreditkartendaten, Rechnungsadresse.<\/span><\/li><li style=\"font-weight: 400;\" aria-level=\"1\"><b>Kontoinformationen:<\/b><span style=\"font-weight: 400;\">Benutzername, Passwort, Bestellverlauf, Pr\u00e4ferenzen.<\/span><\/li><li style=\"font-weight: 400;\" aria-level=\"1\"><b>Gesundheitsinformationen:<\/b><span style=\"font-weight: 400;\">Alle gesundheitsbezogenen Angaben, die Sie uns freiwillig zur Verf\u00fcgung stellen, um Produktempfehlungen zu erhalten, einschlie\u00dflich Ihrer Pr\u00e4ferenzen oder Anforderungen in Bezug auf Produkte, die CBD (Cannabidiol) enthalten.<\/span><\/li><\/ul><p><b><br>2.2 Automatisch erfasste Informationen<\/b><\/p><ul><li style=\"font-weight: 400;\" aria-level=\"1\"><b>Technische Daten: <\/b><span style=\"font-weight: 400;\">IP-Adresse, Browsertyp und -version, Zeitzoneneinstellung, Browser-Plug-in-Typen und -versionen, Betriebssystem und Plattform sowie andere Technologien auf den Ger\u00e4ten, die Sie f\u00fcr den Zugriff auf unsere Website verwenden..<\/span><\/li><li style=\"font-weight: 400;\" aria-level=\"1\"><b>Nutzungsdaten:<\/b><span style=\"font-weight: 400;\"> Informationen dar\u00fcber, wie Sie unsere Website, Produkte und Dienstleistungen verwenden.<\/span><\/li><\/ul><p><b><br>2.3 Informationen von Dritten<\/b><\/p><p><span style=\"font-weight: 400;\">Wir k\u00f6nnen personenbezogene Daten \u00fcber Sie von verschiedenen Drittanbietern erhalten, einschlie\u00dflich:<\/span><\/p><ul><li style=\"font-weight: 400;\" aria-level=\"1\"><b>Analyseanbieter:<\/b> <span style=\"font-weight: 400;\">Google Analytics.<\/span><\/li><li style=\"font-weight: 400;\" aria-level=\"1\"><b>Werbenetzwerke<\/b><span style=\"font-weight: 400;\">: Soziale Medien-Plattformen.<\/span><\/li><li style=\"font-weight: 400;\" aria-level=\"1\"><b>Zahlungs- und Lieferdienste:<\/b> <span style=\"font-weight: 400;\">Zur Bearbeitung von Bestellungen und Lieferung von Produkten.<\/span><\/li><\/ul><ol start=\"3\"><li><b> Wie wir Ihre Daten verwenden:<\/b><\/li><\/ol><p><span style=\"font-weight: 400;\"><br>Wir verwenden Ihre personenbezogenen Daten f\u00fcr die folgenden Zwecke:<\/span><\/p><ul><li style=\"font-weight: 400;\" aria-level=\"1\"><span style=\"font-weight: 400;\">Zur Bearbeitung und Erf\u00fcllung von Bestellungen, die \u00fcber unsere Website aufgegeben werden.<\/span><\/li><li style=\"font-weight: 400;\" aria-level=\"1\"><span style=\"font-weight: 400;\">Zur Verwaltung Ihres Kontos.<\/span><\/li><li style=\"font-weight: 400;\" aria-level=\"1\"><span style=\"font-weight: 400;\">Zur Kommunikation mit Ihnen bez\u00fcglich Ihrer Bestellungen, Anfragen und Kundenservice-Anliegen.<\/span><\/li><li style=\"font-weight: 400;\" aria-level=\"1\"><span style=\"font-weight: 400;\">Um Ihnen Informationen \u00fcber unsere Produkte, Dienstleistungen und Angebote bereitzustellen (mit Ihrer Einwilligung).<\/span><\/li><li style=\"font-weight: 400;\" aria-level=\"1\"><span style=\"font-weight: 400;\">Zur Verbesserung unserer Website, Produkte und Dienstleistungen durch Analysen und Nutzerfeedback.<br><br><\/span><\/li><li style=\"font-weight: 400;\" aria-level=\"1\"><span style=\"font-weight: 400;\">Zur F\u00f6rderung unseres Unternehmens.<\/span><\/li><li style=\"font-weight: 400;\" aria-level=\"1\"><span style=\"font-weight: 400;\">Zur Einhaltung gerichtlicher Anordnungen, gesetzlicher Verpflichtungen oder zur Erf\u00fcllung beh\u00f6rdlicher Anforderungen sowie zum Schutz unserer rechtlichen Anspr\u00fcche.<\/span><\/li><\/ul><p><span style=\"font-weight: 400;\">Falls wir personenbezogene Daten zu anderen Zwecken erheben, als den oben genannten, werden diese Zwecke zum Zeitpunkt der Datenerhebung offengelegt. <\/span><\/p><ol start=\"4\"><li><b> Rechtsgrundlage f\u00fcr die Verarbeitung<\/b><\/li><\/ol><p><span style=\"font-weight: 400;\">Wir st\u00fctzen die Verarbeitung Ihrer personenbezogenen Daten auf folgende Rechtsgrundlagen:<\/span><\/p><ul><li style=\"font-weight: 400;\" aria-level=\"1\"><b>Vertragserf\u00fcllung:<\/b> <span style=\"font-weight: 400;\">Die Verarbeitung ist notwendig, um einen Vertrag zu erf\u00fcllen, dessen Vertragspartei Sie sind (z. B. zur Abwicklung Ihrer Bestellungen).<\/span><\/li><li style=\"font-weight: 400;\" aria-level=\"1\"><b>Berechtigte Interessen:<\/b> <span style=\"font-weight: 400;\">Die Verarbeitung ist notwendig, um unsere berechtigten Interessen zu wahren, wie etwa die Verbesserung unserer Dienstleistungen und die Sicherheit unserer Website.<\/span><\/li><li style=\"font-weight: 400;\" aria-level=\"1\"><b>Cinwilligung: <\/b><span style=\"font-weight: 400;\"><span style=\"font-weight: 400;\">Wir holen Ihre Einwilligung ein, bevor wir Ihre personenbezogenen Daten f\u00fcr Marketingzwecke verwenden.<\/span><\/span><\/li><\/ul><ol start=\"5\"><li><b> Weitergabe Ihrer Daten<\/b><\/li><\/ol><p><span style=\"font-weight: 400;\">Wir geben Ihre personenbezogenen Daten nur dann an Dritte weiter, soweit dies zur Erf\u00fcllung der in dieser Richtlinie beschriebenen Zwecke erforderlich ist. Jede Weitergabe erfolgt ausschlie\u00dflich auf Grundlage unserer dokumentierten Anweisungen. Die Dritten sind verpflichtet, Ihre Daten ausschlie\u00dflich zu den vereinbarten Zwecken zu verwenden und diese weder weiterzugeben noch zu speichern.<br><br>Wir stellen sicher, dass alle von uns eingesetzten Subunternehmer die erforderlichen Sicherheits- und Datenschutzma\u00dfnahmen implementiert haben und die Anforderungen der DSGVO sowie anderer relevanter Datenschutzgesetze erf\u00fcllen.    <\/span><\/p><ul><li style=\"font-weight: 400;\" aria-level=\"1\"><b>Dienstleister:<\/b> <span style=\"font-weight: 400;\">Vertrauensw\u00fcrdige Dritte, die uns beim Betrieb unserer Website, der Durchf\u00fchrung unseres Gesch\u00e4fts oder der Betreuung unserer Kunden unterst\u00fctzen, sofern diese sich zur Vertraulichkeit verpflichten.<\/span><\/li><li style=\"font-weight: 400;\" aria-level=\"1\"><b>Gesetzliche Verpflichtungen:<\/b> <span style=\"font-weight: 400;\">Nisa Health kann personenbezogene Daten offenlegen, wenn dies gesetzlich vorgeschrieben ist oder auf berechtigte Anfragen von Beh\u00f6rden erfolgt.<\/span><br><br><\/li><li style=\"font-weight: 400;\" aria-level=\"1\"><b>Unternehmens\u00fcbertragungen:<\/b> <span style=\"font-weight: 400;\">Im Falle einer Fusion, \u00dcbernahme oder Ver\u00e4u\u00dferung von Unternehmenswerten k\u00f6nnen Ihre personenbezogenen Daten an den Erwerber \u00fcbertragen werden.<\/span><\/li><\/ul><p><span style=\"font-weight: 400;\">Wir verkaufen, vermieten oder \u00fcbertragen Ihre personenbezogenen Daten nicht zu Marketingzwecken an Dritte. <\/span><\/p><ol start=\"6\"><li><b> Datensicherheit<\/b><\/li><\/ol><p><span style=\"font-weight: 400;\">Wir setzen geeignete technische und organisatorische Ma\u00dfnahmen ein, um Ihre personenbezogenen Daten vor unbefugtem Zugriff, Ver\u00e4nderung, Offenlegung oder Zerst\u00f6rung zu sch\u00fctzen. Dazu geh\u00f6ren Verschl\u00fcsselung, Zugriffskontrollen und regelm\u00e4\u00dfige Sicherheits\u00fcberpr\u00fcfungen. <\/span><\/p><ol start=\"7\"><li><b> Datenspeicherung<\/b><\/li><\/ol><p><span style=\"font-weight: 400;\">Wir speichern Ihre personenbezogenen Daten nur so lange, wie es f\u00fcr die Zwecke, f\u00fcr die sie erhoben wurden, erforderlich ist \u2013 einschlie\u00dflich gesetzlicher, buchhalterischer oder regulatorischer Anforderungen.<\/span><\/p><ol start=\"8\"><li><b> Ihre Rechte<\/b><\/li><\/ol><p><b>Gem\u00e4\u00df DSGVO (EU):<\/b><span style=\"font-weight: 400;\"> Wenn Sie Einwohner eines EU-Mitgliedstaates sind, haben Sie folgende Rechte:<\/span><\/p><ul><li style=\"font-weight: 400;\" aria-level=\"1\"><b>Auskunft:<\/b> <span style=\"font-weight: 400;\">Sie k\u00f6nnen eine Kopie Ihrer gespeicherten personenbezogenen Daten anfordern.<\/span><\/li><li style=\"font-weight: 400;\" aria-level=\"1\"><b>Berichtigung: <\/b><span style=\"font-weight: 400;\">Sie k\u00f6nnen die Korrektur unrichtiger personenbezogener Daten verlangen<\/span><\/li><li style=\"font-weight: 400;\" aria-level=\"1\"><b>L\u00f6schung:<\/b> <span style=\"font-weight: 400;\">Sie k\u00f6nnen die L\u00f6schung Ihrer Daten unter bestimmten Voraussetzungen verlangen.<\/span><\/li><li style=\"font-weight: 400;\" aria-level=\"1\"><b>Einschr\u00e4nkung:<\/b> <span style=\"font-weight: 400;\">Sie k\u00f6nnen die Verarbeitung Ihrer Daten unter bestimmten Umst\u00e4nden einschr\u00e4nken lassen.<\/span><\/li><li style=\"font-weight: 400;\" aria-level=\"1\"><b>Daten\u00fcbertragbarkeit:<\/b> <span style=\"font-weight: 400;\">Sie k\u00f6nnen Ihre personenbezogenen Daten in einem strukturierten, g\u00e4ngigen und maschinenlesbaren Format erhalten und an einen anderen Verantwortlichen \u00fcbertragen.<\/span><\/li><li style=\"font-weight: 400;\" aria-level=\"1\"><b>Widerspruch:<\/b> <span style=\"font-weight: 400;\">Sie k\u00f6nnen der Verarbeitung Ihrer personenbezogenen Daten unter bestimmten Umst\u00e4nden widersprechen.<\/span><\/li><\/ul><p><span style=\"font-weight: 400;\">Um eines dieser Rechte auszu\u00fcben, kontaktieren Sie uns bitte unter info@nisahealth.com.<\/span><\/p><p><b>Gem\u00e4\u00df CCPA (Kalifornien):<\/b> <span style=\"font-weight: 400;\">Wenn Sie in Kalifornien ans\u00e4ssig sind, haben Sie folgende Rechte:<\/span><\/p><ul><li style=\"font-weight: 400;\" aria-level=\"1\"><b>Zugang: <\/b><span style=\"font-weight: 400;\">Sie haben das Recht, auf die von uns \u00fcber Sie erhobenen personenbezogenen Daten zuzugreifen.<\/span> <\/li><li style=\"font-weight: 400;\" aria-level=\"1\"><b>L\u00f6schung:<\/b> <span style=\"font-weight: 400;\">Sie k\u00f6nnen die L\u00f6schung Ihrer Daten verlangen, vorbehaltlich bestimmter Ausnahmen.<\/span> <\/li><li style=\"font-weight: 400;\" aria-level=\"1\"><b>Opt-Out:<\/b><span style=\"font-weight: 400;\"> Sie haben das Recht, dem Verkauf Ihrer personenbezogenen Daten zu widersprechen. Bitte beachten Sie: Wir verkaufen keine personenbezogenen Daten zu Marketingzwecken an Dritte.  <\/span><\/li><\/ul><p><span style=\"font-weight: 400;\">Um eines dieser Rechte auszu\u00fcben, kontaktieren Sie uns bitte unter info@nisahealth.com.<\/span><\/p><p><b>Kindergesetz zum Schutz der Privatsph\u00e4re im Internet (COPPA):<\/b><span style=\"font-weight: 400;\">Diese Website ist nicht f\u00fcr die Nutzung durch Kinder unter 13 Jahren vorgesehen. Wir erheben wissentlich keine personenbezogenen Daten von Kindern. Sollten wir feststellen, dass wir unbeabsichtigt personenbezogene Daten von einem Kind unter 13 Jahren erfasst haben, werden wir unverz\u00fcglich Ma\u00dfnahmen ergreifen, um diese Informationen zu l\u00f6schen. Wenn Sie glauben, dass wir m\u00f6glicherweise Informationen von einem Kind erfasst haben, kontaktieren Sie uns bitte unter info@nisahealth.com.   <\/span><\/p><ol start=\"9\"><li><b> Cookie-Richtlinie<\/b><\/li><\/ol><p><span style=\"font-weight: 400;\">Um die einwandfreie Funktion der Website von Nisa Health sicherzustellen, verwenden wir Cookies. Cookies sind kleine Dateien, die auf Ihrem Ger\u00e4t gespeichert werden, um Ihre Einstellungen (Login, Sprache, Schriftgr\u00f6\u00dfe usw.) \u00fcber einen bestimmten Zeitraum zu speichern.  <\/span><\/p><p><span style=\"font-weight: 400;\">Wir verwenden Cookies f\u00fcr folgende Zwecke:<br>Zur Bereitstellung bestimmter Funktionen unserer Website.<br>Zur Durchf\u00fchrung von Analysen.<br>Zum Speichern Ihrer Einstellungen.  <\/span><a href=\"https:\/\/www.aboutcookies.org\/\"><span style=\"font-weight: 400;\">Sie k\u00f6nnen Cookies jederzeit kontrollieren und\/oder l\u00f6schen. Weitere Informationen finden Sie unter: aboutcookies.org.<\/span><\/a><span style=\"font-weight: 400;\"> <\/span><\/p><p><span style=\"font-weight: 400;\">Durch die Nutzung der Website von Nisa Health stimmen Sie der Verwendung von Cookies gem\u00e4\u00df dieser Richtlinie zu. <\/span><\/p><ol start=\"10\"><li><b> \u00c4nderungen an dieser Datenschutzerkl\u00e4rung<\/b><\/li><\/ol><p><span style=\"font-weight: 400;\">Wir k\u00f6nnen unsere Datenschutzerkl\u00e4rung von Zeit zu Zeit aktualisieren. Alle \u00c4nderungen werden auf dieser Seite mit einem aktualisierten Revisionsdatum ver\u00f6ffentlicht. Wir empfehlen Ihnen, diese Richtlinie regelm\u00e4\u00dfig zu \u00fcberpr\u00fcfen, um sich dar\u00fcber zu informieren, wie Nisa Health Ihre Daten und Privatsph\u00e4re sch\u00fctzt.  <\/span><\/p><ol start=\"11\"><li><b> Kontaktieren Sie uns<\/b><\/li><\/ol><p><span style=\"font-weight: 400;\">Wenn Sie Fragen oder Bedenken zu dieser Datenschutzerkl\u00e4rung oder unseren Datenpraktiken haben, kontaktieren Sie uns bitte unter: <\/span><\/p><p><span style=\"font-weight: 400;\">Nisa Health GmBH<br><\/span><\/p><p>Adresse: Genovevastr. 38, 56727 Mayen, Deutschland<\/p><p><span style=\"font-weight: 400;\">Email: <a href=\"mailto:info@nisahealth.com\">info@nisahealth.com<\/a><\/span><\/p><p><span style=\"font-weight: 400;\">HR-Nummer: HRB 130054<\/span><\/p><p><span style=\"font-weight: 400;\">Vielen Dank, dass Sie Nisa Health Ihre pers\u00f6nlichen Daten anvertrauen. Wir verpflichten uns, Ihre Privatsph\u00e4re zu sch\u00fctzen und Ihnen ein sicheres und angenehmes Einkaufserlebnis zu bieten. <\/span><\/p><ol start=\"12\"><li><b> CBD- und THC-Compliance<\/b><\/li><\/ol><p><b><br>12.1<\/b><span style=\"font-weight: 400;\"> 12.1 Unsere Produkte k\u00f6nnen CBD (Cannabidiol) enthalten, das aus Hanf gewonnen wird. In \u00dcbereinstimmung mit dem US-Bundesgesetz gem\u00e4\u00df dem Agriculture Improvement Act von 2018 (\u201eFarm Bill\u201c) enthalten unsere CBD-Produkte nicht mehr als 0,3 % THC (Tetrahydrocannabinol) bezogen auf das Trockengewicht. In der Europ\u00e4ischen Union entsprechen unsere CBD-Produkte den lokalen Gesetzen und enthalten nicht mehr als 0,2 % THC oder einen anderen Schwellenwert, der von den einzelnen EU-Mitgliedstaaten festgelegt ist.   <\/span><\/p><p><b>12.2  <\/b><span style=\"font-weight: 400;\">12.2 Bitte beachten Sie, dass der rechtliche Status von CBD in verschiedenen US-Bundesstaaten und L\u00e4ndern unterschiedlich ist. Wir raten unseren Kunden, sich \u00fcber die lokalen Gesetze in Bezug auf den Kauf und Konsum von CBD- und THC-Produkten zu informieren und diese einzuhalten.  <\/span><\/p><p><b>12.3<\/b> <span style=\"font-weight: 400;\">Unsere Produkte sind nicht dazu bestimmt, Krankheiten zu diagnostizieren, zu behandeln, zu heilen oder zu verhindern. Personen unter 18 Jahren sowie schwangere oder stillende Frauen sollten CBD-Produkte nicht verwenden, es sei denn, dies wird von einem Arzt empfohlen.<\/span> <\/p><ol start=\"13\"><li><b> Rechtlicher Hinweis<\/b><\/li><\/ol><p><span style=\"font-weight: 400;\">Mit dem Kauf von CBD-Produkten bei Nisa Health best\u00e4tigen Sie, dass Sie rechtlich dazu berechtigt sind und dass Sie das Produkt in \u00dcbereinstimmung mit Ihren lokalen Gesetzen verwenden werden. Nisa Health ist nicht verantwortlich f\u00fcr rechtliche Konsequenzen, die sich aus Ihrem Kauf oder der Verwendung von CBD-Produkten ergeben.  <\/span><\/p>\t\t\t\t\t\t\t\t<\/div>\n\t\t\t\t<\/div>\n\t\t\t\t\t<\/div>\n\t\t\t\t<\/div>\n\t\t\t\t<\/div>\n\t\t","protected":false},"excerpt":{"rendered":"<p>EINLEITUNG Willkommen auf der Online-Website von Nisa Health (ehemals Femcan). Nisa Health versteht die Bedeutung des Datenschutzes f\u00fcr unsere Mitglieder und andere Nutzer unserer Website und Anwendungen. Wir sind zutiefst verpflichtet, Ihre Privatsph\u00e4re, Ihre Daten und Ihre personenbezogenen Informationen zu sch\u00fctzen und zu respektieren. Diese Datenschutzerkl\u00e4rung beschreibt, wie wir Ihre personenbezogenen Daten erfassen, verwenden und [&hellip;]<\/p>\n","protected":false},"author":1,"featured_media":0,"parent":0,"menu_order":0,"comment_status":"closed","ping_status":"closed","template":"","meta":{"_acf_changed":false,"footnotes":""},"class_list":["post-4227","page","type-page","status-publish","hentry"],"acf":[],"jetpack_sharing_enabled":true,"_links":{"self":[{"href":"https:\/\/nisahealth.com\/de\/wp-json\/wp\/v2\/pages\/4227","targetHints":{"allow":["GET"]}}],"collection":[{"href":"https:\/\/nisahealth.com\/de\/wp-json\/wp\/v2\/pages"}],"about":[{"href":"https:\/\/nisahealth.com\/de\/wp-json\/wp\/v2\/types\/page"}],"author":[{"embeddable":true,"href":"https:\/\/nisahealth.com\/de\/wp-json\/wp\/v2\/users\/1"}],"replies":[{"embeddable":true,"href":"https:\/\/nisahealth.com\/de\/wp-json\/wp\/v2\/comments?post=4227"}],"version-history":[{"count":2,"href":"https:\/\/nisahealth.com\/de\/wp-json\/wp\/v2\/pages\/4227\/revisions"}],"predecessor-version":[{"id":4263,"href":"https:\/\/nisahealth.com\/de\/wp-json\/wp\/v2\/pages\/4227\/revisions\/4263"}],"wp:attachment":[{"href":"https:\/\/nisahealth.com\/de\/wp-json\/wp\/v2\/media?parent=4227"}],"curies":[{"name":"wp","href":"https:\/\/api.w.org\/{rel}","templated":true}]}}